{"id":25,"date":"2023-09-16T17:57:56","date_gmt":"2023-09-16T15:57:56","guid":{"rendered":"https:\/\/protechome.fr\/index.php\/home\/"},"modified":"2023-09-17T22:09:03","modified_gmt":"2023-09-17T20:09:03","slug":"home","status":"publish","type":"page","link":"https:\/\/protechome.fr\/index.php\/home\/","title":{"rendered":"Home"},"content":{"rendered":"\t\t<div data-elementor-type=\"wp-page\" data-elementor-id=\"25\" class=\"elementor elementor-25\" data-elementor-post-type=\"page\">\n\t\t\t\t\t\t\t\t\t\t\t\t<\/div>\n\t\t","protected":false},"excerpt":{"rendered":"<p>Protec&rsquo;HomeEntretenir son logement, c&rsquo;est aussi pr\u00e9server son \u00e9tat, comme au premier jour.Qui sommes-nous ?Qualit\u00e9 et professionalismeProfitez de notre expertise de haut niveau, au juste prix.Nos prestationsUn r\u00e9sultat bluffantBois, b\u00e9ton, pierre, ou structures m\u00e9talliques&#8230; Offrez leur une nouvelle vie.Avant-apr\u00e8s Previous slide Next slide Protec&rsquo;HomeEntretenir son logement, c&rsquo;est aussi pr\u00e9server son \u00e9tat, comme au premier jour.Qui sommes-nous [&hellip;]<\/p>\n","protected":false},"author":1,"featured_media":0,"parent":0,"menu_order":0,"comment_status":"closed","ping_status":"closed","template":"elementor_canvas","meta":{"footnotes":""},"_links":{"self":[{"href":"https:\/\/protechome.fr\/index.php\/wp-json\/wp\/v2\/pages\/25"}],"collection":[{"href":"https:\/\/protechome.fr\/index.php\/wp-json\/wp\/v2\/pages"}],"about":[{"href":"https:\/\/protechome.fr\/index.php\/wp-json\/wp\/v2\/types\/page"}],"author":[{"embeddable":true,"href":"https:\/\/protechome.fr\/index.php\/wp-json\/wp\/v2\/users\/1"}],"replies":[{"embeddable":true,"href":"https:\/\/protechome.fr\/index.php\/wp-json\/wp\/v2\/comments?post=25"}],"version-history":[{"count":126,"href":"https:\/\/protechome.fr\/index.php\/wp-json\/wp\/v2\/pages\/25\/revisions"}],"predecessor-version":[{"id":193,"href":"https:\/\/protechome.fr\/index.php\/wp-json\/wp\/v2\/pages\/25\/revisions\/193"}],"wp:attachment":[{"href":"https:\/\/protechome.fr\/index.php\/wp-json\/wp\/v2\/media?parent=25"}],"curies":[{"name":"wp","href":"https:\/\/api.w.org\/{rel}","templated":true}]}}