{"id":541,"date":"2023-09-21T23:34:36","date_gmt":"2023-09-21T21:34:36","guid":{"rendered":"https:\/\/protechome.fr\/?page_id=541"},"modified":"2023-11-12T04:02:30","modified_gmt":"2023-11-12T03:02:30","slug":"drafty","status":"publish","type":"page","link":"https:\/\/protechome.fr\/index.php\/drafty\/","title":{"rendered":"Drafty"},"content":{"rendered":"<p>Pourquoi choisir de payer pour les devoirs plut\u00f4t que de les faire vous-m\u00eame ? Certaines personnes disent que cela leur fait gagner du temps, d&rsquo;autres <a href=\"https:\/\/payer-pour-faire-ses-devoirs.fr\/ \">payer quelqu&rsquo;un pour faire un devoir<\/a> qu&rsquo;elles peuvent obtenir de meilleures notes gr\u00e2ce \u00e0 l&rsquo;expertise des professionnels dans le domaine. Quelle que soit la raison, le \u00ab\u00a0paiement pour les devoirs\u00a0\u00bb offre une solution pratique pour ceux qui ont besoin d&rsquo;un coup de pouce suppl\u00e9mentaire.<\/p>\n<p>Recherchez des t\u00e9moignages ou des critiques de clients pr\u00e9c\u00e9dents pour \u00e9valuer la r\u00e9putation du service. Les <a href=\"https:\/\/aide-dissertation.fr\/ \">acheter dissertation<\/a> commentaires positifs et les t\u00e9moignages de clients satisfaits sont de bons indicateurs de la qualit\u00e9 du service. Vous pouvez \u00e9galement demander des recommandations \u00e0 d&rsquo;autres \u00e9tudiants ou \u00e0 des amis qui ont d\u00e9j\u00e0 utilis\u00e9 un service d&rsquo;aide \u00e0 la r\u00e9daction d&rsquo;essais.<\/p>\n<p>Si vous comptez uniquement sur le paiement pour les devoirs et ne faites aucun effort pour \u00e9tudier ou apprendre par vous-m\u00eame, cela <a href=\"https:\/\/xn--rdaction-mmoire-bnbj.fr\/\">redaction memoire prix<\/a> peut entra\u00eener une d\u00e9pendance excessive et vous priver d&rsquo;une v\u00e9ritable opportunit\u00e9 d&rsquo;apprentissage.<\/p>\n","protected":false},"excerpt":{"rendered":"<p>Pourquoi choisir de payer pour les devoirs plut\u00f4t que de les faire vous-m\u00eame ? Certaines personnes disent que cela leur fait gagner du temps, d&rsquo;autres payer quelqu&rsquo;un pour faire un devoir qu&rsquo;elles peuvent obtenir de meilleures notes gr\u00e2ce \u00e0 l&rsquo;expertise des professionnels dans le domaine. Quelle que soit la raison, le \u00ab\u00a0paiement pour les devoirs\u00a0\u00bb [&hellip;]<\/p>\n","protected":false},"author":1,"featured_media":0,"parent":0,"menu_order":0,"comment_status":"closed","ping_status":"closed","template":"","meta":{"footnotes":""},"_links":{"self":[{"href":"https:\/\/protechome.fr\/index.php\/wp-json\/wp\/v2\/pages\/541"}],"collection":[{"href":"https:\/\/protechome.fr\/index.php\/wp-json\/wp\/v2\/pages"}],"about":[{"href":"https:\/\/protechome.fr\/index.php\/wp-json\/wp\/v2\/types\/page"}],"author":[{"embeddable":true,"href":"https:\/\/protechome.fr\/index.php\/wp-json\/wp\/v2\/users\/1"}],"replies":[{"embeddable":true,"href":"https:\/\/protechome.fr\/index.php\/wp-json\/wp\/v2\/comments?post=541"}],"version-history":[{"count":5,"href":"https:\/\/protechome.fr\/index.php\/wp-json\/wp\/v2\/pages\/541\/revisions"}],"predecessor-version":[{"id":982,"href":"https:\/\/protechome.fr\/index.php\/wp-json\/wp\/v2\/pages\/541\/revisions\/982"}],"wp:attachment":[{"href":"https:\/\/protechome.fr\/index.php\/wp-json\/wp\/v2\/media?parent=541"}],"curies":[{"name":"wp","href":"https:\/\/api.w.org\/{rel}","templated":true}]}}